{"id":129,"date":"2020-12-31T22:20:01","date_gmt":"2020-12-31T22:20:01","guid":{"rendered":"https:\/\/www.kadirozdemir.de\/?page_id=129"},"modified":"2024-06-22T21:21:59","modified_gmt":"2024-06-22T21:21:59","slug":"publikationen","status":"publish","type":"page","link":"https:\/\/www.kadirozdemir.de\/index.php\/publikationen\/","title":{"rendered":"Publikationen"},"content":{"rendered":"\n<div style=\"height:53px\" aria-hidden=\"true\" class=\"wp-block-spacer\"><\/div>\n\n\n\n<p><strong>Online verf\u00fcgbare Texte<\/strong><\/p>\n\n\n\n<p><em><a href=\"https:\/\/www.kadirozdemir.de\/index.php\/ueber-machtkritische-transformationsprozesse-in-kulturinstitutionen\/\">Was muss sich die Raupe im Kokon vornehmen, wenn sie fliegen will? \u00dcber machtkritische Transformationsprozesse in Kulturinstitutionen<\/a> <\/em>(Rede, gehalten im April 2024 im Rahmen von &#8222;Outreach&#8220;, Berlin)<\/p>\n\n\n\n<div style=\"height:30px\" aria-hidden=\"true\" class=\"wp-block-spacer\"><\/div>\n\n\n\n<p><strong>Literarische Ver\u00f6ffentlichungen<\/strong> (Auswahl)<\/p>\n\n\n\n<p><em>Bubbles<\/em> (Kurzgeschichten), in: <em>stadt.land.text \u2013 10 literarische Perspektiven auf NRW<\/em>, Greven 2022, S. 12\u201323.<\/p>\n\n\n\n<p>Monatliche Kolumne <em>City Puzzles<\/em>, Schauspiel Hannover (2021)<\/p>\n\n\n\n<p><em>Ich kann immer noch umkehren<\/em> (Kurzgeschichte), in: <em>Glitter Magazin<\/em>, Heft 05\/2021<\/p>\n\n\n\n<p><em>Die Ungetr\u00f6steten<\/em> (Kurzgeschichte), in: <em>Texte nach Hanau<\/em>. K\u00f6ln 2021. stolzeaugen.books Verlag. <\/p>\n\n\n\n<p><em>Stille<\/em> (Kurzgeschichte), in: tuerspion &#8211; MAGAZIN F\u00dcR ALTERNATIVE PERSPEKTIVEN, Heft 02\/2021<\/p>\n\n\n\n<p><em>Wir lassen uns nicht auseinander dividieren!<\/em> (Essay), in Display Magazin, Heft 125\/2021 <\/p>\n\n\n\n<p>Monatliche Kolumne<em> #defragmentiert <\/em>auf Migazin.de (2020)<\/p>\n\n\n\n<p><em>Webcam \u2013 im Zug von Hannover nach Hamburg<\/em> (Kurzgeschichte), in: <em>Cameo Magazin<\/em>, Heft 03\/2017<\/p>\n\n\n\n<p><em>Wei\u00dfe Rosen<\/em> (Kurzgeschichte), in: Sebastian von Bomhard (Hrsg.): <em>Was geht, wenn nichts mehr geht?<\/em> Bobingen 2016.<\/p>\n\n\n\n<p><em>Durchbohre Mich<\/em> (Kurzgeschichte). <em>mosaik \u2013 Zeitschrift f\u00fcr Literatur und Kultur<\/em>, Heft 16\/2015<\/p>\n\n\n\n<div style=\"height:30px\" aria-hidden=\"true\" class=\"wp-block-spacer\"><\/div>\n\n\n\n<p><strong>Sachb\u00fccher &amp; Essays<\/strong> (Auswahl)<\/p>\n\n\n\n<p><em>Sprache, Macht und Diskursbestimmung in der Migrationsgesellschaft<\/em>, in: Carolin K\u00fcppers, Bundesstiftung Magnus Hirschfeld (Hrsg.): <em>Refugees &amp; Queers. Forschung und Bildung an der Schnittstelle von LSBTTIQ, Fluchtmigration und Emanzipationspolitiken<\/em>. Bielefeld 2019, S. 101\u2013116.<\/p>\n\n\n\n<p><em>Zur Situation queerer Gefl\u00fcchteter und der Arbeit der NVBF<\/em>, in: <em>Forschungsprojekt Gender, Flucht, Aufnahmepolitiken (Hrsg.): Wir wollen Sicherheit. Anregungen f\u00fcr eine gender- und fluchtsensible Praxis im Umgang mit gefl\u00fcchteten Frauen*<\/em>. G\u00f6ttingen 2019, S. 71\u201374.<\/p>\n\n\n\n<p>(<em>K)ein Recht auf Anderssein: Rassismus, Rechtspopulismus und LSBTIQ* in Wechselbeziehungen | Heimatkunde &#8211; migrationspolitisches Portal<\/em>. In: <em>Heimatkunde &#8211; migrationspolitisches Portal<\/em>. 04 \/ 2018<\/p>\n\n\n\n<p><em>Schutz von LSBTI-Gefl\u00fcchteten: Leben zwischen Unsichtbarkeit und Anprangerung<\/em>, in: Netzwerkprojekt AMBA (Hrsg.): <em>Unterst\u00fctzen, Beraten und St\u00e4rken. Das Netzwerk AMBA und die Aufnahme von Gefl\u00fcchteten in Niedersachsen<\/em>. Hannover 2018, S. 50\u201351.<\/p>\n\n\n\n<p><em>Ein intersektionaler Blick: Antirassistische und LSBTI-sensible Arbeit mit jungen Gefl\u00fcchteten<\/em>, in: Koch, Kolja (Hrsg.): <em>kontext.flucht. Perspektiven f\u00fcr eine rassismuskritische Jugendarbeit mit jungen gefl\u00fcchteten Menschen<\/em>. D\u00fcsseldorf 2017, S. 34\u201338.<\/p>\n\n\n\n<p><em>\u201eBist du schwul oder bist du Fl\u00fcchtling?\u201c<\/em>, in: Luise Hartwig | Gerald Mennen | Christian Schrapper (Hrsg.): <em>Handbuch Soziale Arbeit mit gefl\u00fcchteten Kindern und Familien<\/em>. Weinheim Basel 2017, S. 414\u2013420.<\/p>\n\n\n\n<p><em>\u00d6l, Wasser und Nationalismus \u2013 Studie zu den Kurden im Irak, Iran und der T\u00fcrkei<\/em>. M\u00fcnchen 2009. <\/p>\n\n\n\n<p><em>Tigersprung am Ganges: Indiens Wirtschaftswunder zwischen Neo-Faschismus und Bollywood<\/em>. Marburg 2008. <\/p>\n\n\n\n<p><em>Die Entstehung der b\u00fcrgerlichen Frauenbewegung und ihre Rolle im Proze\u00df der weiblichen Emanzipation im 19. Jahrhundert<\/em>. M\u00fcnchen 2008.<\/p>\n\n\n\n<p><em>Die Kurden \u2013 ein Volk in drei Nationen. Die Geschichte und Entwicklung des Kurdenkonflikts<\/em>. Marburg 2006.<\/p>\n\n\n\n<p><\/p>\n\n\n\n<div style=\"height:27px\" aria-hidden=\"true\" class=\"wp-block-spacer\"><\/div>\n","protected":false},"excerpt":{"rendered":"<p>Online verf\u00fcgbare Texte Was muss sich die Raupe im Kokon vornehmen, wenn sie fliegen will? \u00dcber machtkritische Transformationsprozesse in Kulturinstitutionen (Rede, gehalten im April 2024 im Rahmen von &#8222;Outreach&#8220;, Berlin) Literarische Ver\u00f6ffentlichungen (Auswahl) Bubbles (Kurzgeschichten), in: stadt.land.text \u2013 10 literarische &hellip; <a href=\"https:\/\/www.kadirozdemir.de\/index.php\/publikationen\/\">Weiterlesen <span class=\"meta-nav\">&rarr;<\/span><\/a><\/p>\n","protected":false},"author":1,"featured_media":0,"parent":0,"menu_order":0,"comment_status":"closed","ping_status":"closed","template":"","meta":{"footnotes":""},"class_list":["post-129","page","type-page","status-publish","hentry"],"_links":{"self":[{"href":"https:\/\/www.kadirozdemir.de\/index.php\/wp-json\/wp\/v2\/pages\/129","targetHints":{"allow":["GET"]}}],"collection":[{"href":"https:\/\/www.kadirozdemir.de\/index.php\/wp-json\/wp\/v2\/pages"}],"about":[{"href":"https:\/\/www.kadirozdemir.de\/index.php\/wp-json\/wp\/v2\/types\/page"}],"author":[{"embeddable":true,"href":"https:\/\/www.kadirozdemir.de\/index.php\/wp-json\/wp\/v2\/users\/1"}],"replies":[{"embeddable":true,"href":"https:\/\/www.kadirozdemir.de\/index.php\/wp-json\/wp\/v2\/comments?post=129"}],"version-history":[{"count":15,"href":"https:\/\/www.kadirozdemir.de\/index.php\/wp-json\/wp\/v2\/pages\/129\/revisions"}],"predecessor-version":[{"id":404,"href":"https:\/\/www.kadirozdemir.de\/index.php\/wp-json\/wp\/v2\/pages\/129\/revisions\/404"}],"wp:attachment":[{"href":"https:\/\/www.kadirozdemir.de\/index.php\/wp-json\/wp\/v2\/media?parent=129"}],"curies":[{"name":"wp","href":"https:\/\/api.w.org\/{rel}","templated":true}]}}